{"id":609,"date":"2019-03-16T19:50:53","date_gmt":"2019-03-16T18:50:53","guid":{"rendered":"https:\/\/www.borkoo.com\/?page_id=609"},"modified":"2025-03-10T14:52:24","modified_gmt":"2025-03-10T13:52:24","slug":"happy-hour-a-mossoul","status":"publish","type":"page","link":"https:\/\/www.borkoo.com\/index.php\/happy-hour-a-mossoul\/","title":{"rendered":"Editions"},"content":{"rendered":"\t\t<div data-elementor-type=\"wp-post\" data-elementor-id=\"609\" class=\"elementor elementor-609\" data-elementor-post-type=\"page\">\n\t\t\t\t\t\t<section class=\"elementor-section elementor-top-section elementor-element elementor-element-21f681e elementor-section-full_width elementor-section-stretched elementor-section-height-min-height elementor-section-height-default elementor-section-items-middle\" data-id=\"21f681e\" data-element_type=\"section\" data-settings=\"{&quot;background_background&quot;:&quot;classic&quot;,&quot;stretch_section&quot;:&quot;section-stretched&quot;}\">\n\t\t\t\t\t\t<div class=\"elementor-container elementor-column-gap-default\">\n\t\t\t\t\t<div class=\"elementor-column elementor-col-100 elementor-top-column elementor-element elementor-element-d067275\" data-id=\"d067275\" data-element_type=\"column\">\n\t\t\t<div class=\"elementor-widget-wrap\">\n\t\t\t\t\t\t\t<\/div>\n\t\t<\/div>\n\t\t\t\t\t<\/div>\n\t\t<\/section>\n\t\t\t\t<section class=\"elementor-section elementor-top-section elementor-element elementor-element-f6b2b23 elementor-section-boxed elementor-section-height-default elementor-section-height-default\" data-id=\"f6b2b23\" data-element_type=\"section\">\n\t\t\t\t\t\t<div class=\"elementor-container elementor-column-gap-default\">\n\t\t\t\t\t<div class=\"elementor-column elementor-col-100 elementor-top-column elementor-element elementor-element-1ee8fa5\" data-id=\"1ee8fa5\" data-element_type=\"column\">\n\t\t\t<div class=\"elementor-widget-wrap elementor-element-populated\">\n\t\t\t\t\t\t<div class=\"elementor-element elementor-element-e83e220 elementor-widget elementor-widget-image\" data-id=\"e83e220\" data-element_type=\"widget\" data-widget_type=\"image.default\">\n\t\t\t\t<div class=\"elementor-widget-container\">\n\t\t\t\t\t\t\t\t\t\t\t\t\t\t\t<img fetchpriority=\"high\" decoding=\"async\" width=\"2048\" height=\"529\" src=\"https:\/\/www.borkoo.com\/wp-content\/uploads\/2021\/12\/jeremy-ferrari-etat-durgence-le-jeu-logo-fdb.png\" class=\"attachment-full size-full wp-image-928\" alt=\"\" srcset=\"https:\/\/www.borkoo.com\/wp-content\/uploads\/2021\/12\/jeremy-ferrari-etat-durgence-le-jeu-logo-fdb.png 2048w, https:\/\/www.borkoo.com\/wp-content\/uploads\/2021\/12\/jeremy-ferrari-etat-durgence-le-jeu-logo-fdb-1536x397.png 1536w, https:\/\/www.borkoo.com\/wp-content\/uploads\/2021\/12\/jeremy-ferrari-etat-durgence-le-jeu-logo-fdb-600x155.png 600w\" sizes=\"(max-width: 2048px) 100vw, 2048px\" \/>\t\t\t\t\t\t\t\t\t\t\t\t\t\t\t<\/div>\n\t\t\t\t<\/div>\n\t\t\t\t\t<\/div>\n\t\t<\/div>\n\t\t\t\t\t<\/div>\n\t\t<\/section>\n\t\t\t\t<section class=\"elementor-section elementor-top-section elementor-element elementor-element-8f80559 elementor-section-boxed elementor-section-height-default elementor-section-height-default\" data-id=\"8f80559\" data-element_type=\"section\">\n\t\t\t\t\t\t<div class=\"elementor-container elementor-column-gap-default\">\n\t\t\t\t\t<div class=\"elementor-column elementor-col-100 elementor-top-column elementor-element elementor-element-8ac5eb5\" data-id=\"8ac5eb5\" data-element_type=\"column\">\n\t\t\t<div class=\"elementor-widget-wrap elementor-element-populated\">\n\t\t\t\t\t\t<div class=\"elementor-element elementor-element-7bed3f1 elementor-widget elementor-widget-text-editor\" data-id=\"7bed3f1\" data-element_type=\"widget\" data-widget_type=\"text-editor.default\">\n\t\t\t\t<div class=\"elementor-widget-container\">\n\t\t\t\t\t\t\t\t\t<p>\u00a0de J\u00e9r\u00e9my FERRARI &amp; Mickael DION<\/p>\t\t\t\t\t\t\t\t<\/div>\n\t\t\t\t<\/div>\n\t\t\t\t<div class=\"elementor-element elementor-element-6eefcd6 elementor-widget elementor-widget-text-editor\" data-id=\"6eefcd6\" data-element_type=\"widget\" data-widget_type=\"text-editor.default\">\n\t\t\t\t<div class=\"elementor-widget-container\">\n\t\t\t\t\t\t\t\t\t<p data-elementor-setting-key=\"title\" data-pen-placeholder=\"\u00c9crivez ici...\">Design &amp; illustrations Patrick BORKOWSKI (BORKOO)<\/p>\t\t\t\t\t\t\t\t<\/div>\n\t\t\t\t<\/div>\n\t\t\t\t\t<\/div>\n\t\t<\/div>\n\t\t\t\t\t<\/div>\n\t\t<\/section>\n\t\t\t\t<section class=\"elementor-section elementor-top-section elementor-element elementor-element-d2486fa elementor-section-boxed elementor-section-height-default elementor-section-height-default\" data-id=\"d2486fa\" data-element_type=\"section\">\n\t\t\t\t\t\t<div class=\"elementor-container elementor-column-gap-default\">\n\t\t\t\t\t<div class=\"elementor-column elementor-col-50 elementor-top-column elementor-element elementor-element-fe80034\" data-id=\"fe80034\" data-element_type=\"column\">\n\t\t\t<div class=\"elementor-widget-wrap elementor-element-populated\">\n\t\t\t\t\t\t<div class=\"elementor-element elementor-element-ffdc17a elementor-widget elementor-widget-text-editor\" data-id=\"ffdc17a\" data-element_type=\"widget\" data-widget_type=\"text-editor.default\">\n\t\t\t\t<div class=\"elementor-widget-container\">\n\t\t\t\t\t\t\t\t\t<p>Un homme tousse \u00e0 Wuhan, une femme a de la fi\u00e8vre \u00e0 Londres, un voyageur arrive \u00e0 Paris : c\u2019est parti pour une \u00e9pid\u00e9mie mondiale\u2009! Seul probl\u00e8me : vous n\u2019avez aucune comp\u00e9tence et votre syst\u00e8me de sant\u00e9 est digne du Moyen \u00c2ge\u2026 Incarnez le gouvernement, le conseil scientifique, les laboratoires ou les m\u00e9dias et optez pour les bons choix afin de conserver la confiance du peuple et de faire fondre celle de vos adversaires. Tri des patients \u00e0 l\u2019h\u00f4pital ou applaudissements aux fen\u00eatres\u2009? Un documentaire complotiste ou l\u2019avis d\u2019\u00c9ric Zemmour\u2009? Quelle carte jouer pour vous aider\u2009? Dans ce deckbuilding d\u2019affrontement aux r\u00e8gles simples et efficaces, vous tenterez de d\u00e9nouer les fils compliqu\u00e9s d\u2019un virus plan\u00e9taire. Essayez d\u2019\u00eatre le dernier \u00e0 qui les Fran\u00e7ais accordent encore un peu de confiance\u2009!<\/p><h3 style=\"text-align: center;\"><span style=\"color: #ff0000;\"><em><strong>Un jeu de cartes strat\u00e9gique qui retrace un an et demi d\u2019\u00e9pid\u00e9mie sous la plume de J\u00e9r\u00e9my Ferrari !<\/strong><\/em><\/span><\/h3>\t\t\t\t\t\t\t\t<\/div>\n\t\t\t\t<\/div>\n\t\t\t\t<div class=\"elementor-element elementor-element-1534ba6 elementor-widget elementor-widget-text-editor\" data-id=\"1534ba6\" data-element_type=\"widget\" data-widget_type=\"text-editor.default\">\n\t\t\t\t<div class=\"elementor-widget-container\">\n\t\t\t\t\t\t\t\t\t<p><strong>\u00ab \u00c9tat d\u2019urgence \u00bb est un jeu de deckbuilding (parfois traduit en \u00ab construction de pioche \u00bb) dans lequel les joueurs commencent avec les m\u00eames cartes puis construisent leur paquet au fil de la partie.Vous d\u00e9marrez avec une main de cartes faible, mais pas de panique, vous \u00eates des professionnels\u2009! Devant vous un grand march\u00e9 o\u00f9 l\u2019on trouve de tout : variants, subventions, fauconniers, soir\u00e9es clandestines, vaccin russe, Didier Raoult et bien d\u2019autres choses\u2026 \u00c0 chaque tour, attaquez ou achetez des cartes qui vous permettront d\u2019attaquer plus fort ou d\u2019acheter des cartes plus ch\u00e8res. Prot\u00e9gez-vous pour ne pas vous prendre de plein fouet une d\u00e9claration de Sibeth ou empochez des sommes faramineuses pour porter le coup fatal au prochain tour gr\u00e2ce \u00e0 une super attaque\u2009!<\/strong><\/p>\t\t\t\t\t\t\t\t<\/div>\n\t\t\t\t<\/div>\n\t\t\t\t<section class=\"elementor-section elementor-inner-section elementor-element elementor-element-425302b elementor-section-boxed elementor-section-height-default elementor-section-height-default\" data-id=\"425302b\" data-element_type=\"section\">\n\t\t\t\t\t\t<div class=\"elementor-container elementor-column-gap-default\">\n\t\t\t\t\t<div class=\"elementor-column elementor-col-50 elementor-inner-column elementor-element elementor-element-3a777ab\" data-id=\"3a777ab\" data-element_type=\"column\">\n\t\t\t<div class=\"elementor-widget-wrap elementor-element-populated\">\n\t\t\t\t\t\t<div class=\"elementor-element elementor-element-c073877 elementor-widget elementor-widget-image\" data-id=\"c073877\" data-element_type=\"widget\" data-widget_type=\"image.default\">\n\t\t\t\t<div class=\"elementor-widget-container\">\n\t\t\t\t\t\t\t\t\t\t\t\t\t\t\t<img decoding=\"async\" width=\"155\" height=\"109\" src=\"https:\/\/www.borkoo.com\/wp-content\/uploads\/2021\/12\/logo-dsp-transparent-min2.png\" class=\"attachment-large size-large wp-image-960\" alt=\"\" \/>\t\t\t\t\t\t\t\t\t\t\t\t\t\t\t<\/div>\n\t\t\t\t<\/div>\n\t\t\t\t\t<\/div>\n\t\t<\/div>\n\t\t\t\t<div class=\"elementor-column elementor-col-50 elementor-inner-column elementor-element elementor-element-27a952b\" data-id=\"27a952b\" data-element_type=\"column\">\n\t\t\t<div class=\"elementor-widget-wrap elementor-element-populated\">\n\t\t\t\t\t\t<div class=\"elementor-element elementor-element-cd6e8ee elementor-widget elementor-widget-text-editor\" data-id=\"cd6e8ee\" data-element_type=\"widget\" data-widget_type=\"text-editor.default\">\n\t\t\t\t<div class=\"elementor-widget-container\">\n\t\t\t\t\t\t\t\t\t<p><strong>Informations compl\u00e9mentaires :<\/strong> <a href=\"http:\/\/www.etatdurgence.darksmile.shop\">www.etatdurgence.darksmile.shop<\/a><\/p><p><strong>Acheter le jeu :<\/strong> <a href=\"http:\/\/www.darksmile.shop\">www.darksmile.shop<\/a><\/p><p>Disponible \u00e9galement dans vos Fnac, Cultura, librairies habituelles, magasins de jeu sp\u00e9cialis\u00e9s, grandes surfaces<\/p><p>\u00a0<\/p>\t\t\t\t\t\t\t\t<\/div>\n\t\t\t\t<\/div>\n\t\t\t\t\t<\/div>\n\t\t<\/div>\n\t\t\t\t\t<\/div>\n\t\t<\/section>\n\t\t\t\t\t<\/div>\n\t\t<\/div>\n\t\t\t\t<div class=\"elementor-column elementor-col-50 elementor-top-column elementor-element elementor-element-f82f565\" data-id=\"f82f565\" data-element_type=\"column\">\n\t\t\t<div class=\"elementor-widget-wrap elementor-element-populated\">\n\t\t\t\t\t\t<div class=\"elementor-element elementor-element-779f768 elementor-arrows-position-inside elementor-pagination-position-outside elementor-widget elementor-widget-image-carousel\" data-id=\"779f768\" data-element_type=\"widget\" data-settings=\"{&quot;slides_to_show&quot;:&quot;1&quot;,&quot;navigation&quot;:&quot;both&quot;,&quot;autoplay&quot;:&quot;yes&quot;,&quot;pause_on_hover&quot;:&quot;yes&quot;,&quot;pause_on_interaction&quot;:&quot;yes&quot;,&quot;autoplay_speed&quot;:5000,&quot;infinite&quot;:&quot;yes&quot;,&quot;effect&quot;:&quot;slide&quot;,&quot;speed&quot;:500}\" data-widget_type=\"image-carousel.default\">\n\t\t\t\t<div class=\"elementor-widget-container\">\n\t\t\t\t\t\t\t<div class=\"elementor-image-carousel-wrapper swiper\" role=\"region\" aria-roledescription=\"carousel\" aria-label=\"Carrousel d\u2019images\" dir=\"ltr\">\n\t\t\t<div class=\"elementor-image-carousel swiper-wrapper\" aria-live=\"off\">\n\t\t\t\t\t\t\t\t<div class=\"swiper-slide\" role=\"group\" aria-roledescription=\"slide\" aria-label=\"1 sur 3\"><figure class=\"swiper-slide-inner\"><img decoding=\"async\" class=\"swiper-slide-image\" src=\"https:\/\/www.borkoo.com\/wp-content\/uploads\/2021\/12\/borkoo-jeremy-ferrari-etatdurgence-jeu-de-societe.jpg\" alt=\"borkoo-jeremy-ferrari-etatdurgence-jeu-de-societe\" \/><\/figure><\/div><div class=\"swiper-slide\" role=\"group\" aria-roledescription=\"slide\" aria-label=\"2 sur 3\"><figure class=\"swiper-slide-inner\"><img decoding=\"async\" class=\"swiper-slide-image\" src=\"https:\/\/www.borkoo.com\/wp-content\/uploads\/2021\/12\/borkoo-jeremy-ferrari-etatdurgence-jeu-de-societe-dessins.jpg\" alt=\"borkoo-jeremy-ferrari-etatdurgence-jeu-de-societe-dessins\" \/><\/figure><\/div><div class=\"swiper-slide\" role=\"group\" aria-roledescription=\"slide\" aria-label=\"3 sur 3\"><figure class=\"swiper-slide-inner\"><img decoding=\"async\" class=\"swiper-slide-image\" src=\"https:\/\/www.borkoo.com\/wp-content\/uploads\/2021\/12\/borkoo-jeremy-ferrari-etatdurgence-jeu-de-societe-dessins-2.jpg\" alt=\"borkoo-jeremy-ferrari-etatdurgence-jeu-de-societe-dessins-2\" \/><\/figure><\/div>\t\t\t<\/div>\n\t\t\t\t\t\t\t\t\t\t\t\t<div class=\"elementor-swiper-button elementor-swiper-button-prev\" role=\"button\" tabindex=\"0\">\n\t\t\t\t\t\t<i aria-hidden=\"true\" class=\"eicon-chevron-left\"><\/i>\t\t\t\t\t<\/div>\n\t\t\t\t\t<div class=\"elementor-swiper-button elementor-swiper-button-next\" role=\"button\" tabindex=\"0\">\n\t\t\t\t\t\t<i aria-hidden=\"true\" class=\"eicon-chevron-right\"><\/i>\t\t\t\t\t<\/div>\n\t\t\t\t\n\t\t\t\t\t\t\t\t\t<div class=\"swiper-pagination\"><\/div>\n\t\t\t\t\t\t\t\t\t<\/div>\n\t\t\t\t\t\t<\/div>\n\t\t\t\t<\/div>\n\t\t\t\t<div class=\"elementor-element elementor-element-869a2e9 elementor-widget elementor-widget-text-editor\" data-id=\"869a2e9\" data-element_type=\"widget\" data-widget_type=\"text-editor.default\">\n\t\t\t\t<div class=\"elementor-widget-container\">\n\t\t\t\t\t\t\t\t\t<p><strong>Variantes : Xpress pour ceux qui n\u2019ont que 20 mn pour g\u00e9rer la pand\u00e9mie, Xpert pour les g\u00e9nies, Solo pour ceux qui n\u2019ont pas d\u2019amis. Un jeu provocateur, dr\u00f4le et rapide, aux r\u00e8gles simples. Enti\u00e8rement bas\u00e9 sur des faits r\u00e9els !<\/strong><\/p><ul><li>Contenu : 155 cartes, 5 plateaux, 5 curseurs, 1 r\u00e8gle du jeu &amp; 1 annexe<\/li><li>Joueurs : 1 \u00e0 5 joueurs; environ 10 min par joueur; 10 ans et plus<\/li><li>Auteurs :\u00a0<a href=\"https:\/\/jeremyferrari.fr\/\">J\u00e9r\u00e9my Ferrari<\/a>\u00a0et Micka\u00ebl Dion<\/li><li>Illustrations :\u00a0<a href=\"https:\/\/www.borkoo.com\/\">Borkoo<\/a><\/li><li>Design &amp; PAO :\u00a0<a href=\"https:\/\/www.lagriffe.com\/\">La Griffe<\/a>\u00a0<a href=\"https:\/\/www.bonzaistudio.com\/\">Bonzai Studio<\/a><\/li><li>Editeurs :\u00a0<a href=\"http:\/\/www.michel-lafon.fr\/\">Michel Lafon<\/a>\u00a0&amp;\u00a0<a href=\"https:\/\/darksmileprod.fr\/\">Dark Smile \u00c9ditions<\/a><\/li><li>Date de parution : octobre 2021<\/li><li class=\"characteristicsStrate__item\">EAN : 9782749948317 \u2013 ISBN : 978-2-7499-4831-7<\/li><li class=\"characteristicsStrate__item\">Prix : 18,95 \u20ac<\/li><\/ul>\t\t\t\t\t\t\t\t<\/div>\n\t\t\t\t<\/div>\n\t\t\t\t\t<\/div>\n\t\t<\/div>\n\t\t\t\t\t<\/div>\n\t\t<\/section>\n\t\t\t\t<section class=\"elementor-section elementor-top-section elementor-element elementor-element-62807a7 elementor-section-boxed elementor-section-height-default elementor-section-height-default\" data-id=\"62807a7\" data-element_type=\"section\">\n\t\t\t\t\t\t<div class=\"elementor-container elementor-column-gap-default\">\n\t\t\t\t\t<div class=\"elementor-column elementor-col-100 elementor-top-column elementor-element elementor-element-cbb3f83\" data-id=\"cbb3f83\" data-element_type=\"column\">\n\t\t\t<div class=\"elementor-widget-wrap elementor-element-populated\">\n\t\t\t\t\t\t<div class=\"elementor-element elementor-element-1c39b56 elementor-widget elementor-widget-text-editor\" data-id=\"1c39b56\" data-element_type=\"widget\" data-widget_type=\"text-editor.default\">\n\t\t\t\t<div class=\"elementor-widget-container\">\n\t\t\t\t\t\t\t\t\t<p>Happy Hour \u00e0 Mossoul de J\u00e9r\u00e9my FERRARI\u00a0<\/p>\t\t\t\t\t\t\t\t<\/div>\n\t\t\t\t<\/div>\n\t\t\t\t<div class=\"elementor-element elementor-element-0941cdb elementor-widget elementor-widget-text-editor\" data-id=\"0941cdb\" data-element_type=\"widget\" data-widget_type=\"text-editor.default\">\n\t\t\t\t<div class=\"elementor-widget-container\">\n\t\t\t\t\t\t\t\t\t<p data-elementor-setting-key=\"title\" data-pen-placeholder=\"\u00c9crivez ici...\">Dessin BORKOO<\/p>\t\t\t\t\t\t\t\t<\/div>\n\t\t\t\t<\/div>\n\t\t\t\t\t<\/div>\n\t\t<\/div>\n\t\t\t\t\t<\/div>\n\t\t<\/section>\n\t\t\t\t<section class=\"elementor-section elementor-top-section elementor-element elementor-element-663e0ca elementor-section-boxed elementor-section-height-default elementor-section-height-default\" data-id=\"663e0ca\" data-element_type=\"section\">\n\t\t\t\t\t\t<div class=\"elementor-container elementor-column-gap-default\">\n\t\t\t\t\t<div class=\"elementor-column elementor-col-50 elementor-top-column elementor-element elementor-element-2b77fd8\" data-id=\"2b77fd8\" data-element_type=\"column\">\n\t\t\t<div class=\"elementor-widget-wrap elementor-element-populated\">\n\t\t\t\t\t\t<div class=\"elementor-element elementor-element-8c68818 elementor-widget elementor-widget-text-editor\" data-id=\"8c68818\" data-element_type=\"widget\" data-widget_type=\"text-editor.default\">\n\t\t\t\t<div class=\"elementor-widget-container\">\n\t\t\t\t\t\t\t\t\t<h4 class=\"p2\"><em><a href=\"https:\/\/www.borkoo.com\/wp-content\/uploads\/2019\/03\/FERRARI-min-791x1024-1-1.jpg\"><img decoding=\"async\" class=\"wp-image-686 alignleft\" src=\"https:\/\/www.borkoo.com\/wp-content\/uploads\/2019\/03\/FERRARI-min-791x1024-1-1-791x1024.jpg\" alt=\"\" width=\"222\" height=\"287\" srcset=\"https:\/\/www.borkoo.com\/wp-content\/uploads\/2019\/03\/FERRARI-min-791x1024-1-1.jpg 791w, https:\/\/www.borkoo.com\/wp-content\/uploads\/2019\/03\/FERRARI-min-791x1024-1-1-600x777.jpg 600w\" sizes=\"(max-width: 222px) 100vw, 222px\" \/><\/a><strong>Illustration de Happy Hour \u00e0 Mossoul, le livre de Jeremy Ferrari de 250 pages, en vente dans toutes les bonnes librairies, mais aussi les moins bonnes aussi, (mais on n&rsquo;est pas responsable)<\/strong><\/em><\/h4><p class=\"p2\"><em><b>Extrait du site Jeremyferrari.fr.<\/b><\/em><\/p><p class=\"p2\"><em><b>\u00ab\u00a0Apr\u00e8s avoir rempli (et choqu\u00e9 !) tous les Z\u00e9niths de France avec son One Man Show \u00ab vends 2 pi\u00e8ces \u00e0 Beyrouth \u00bb, J\u00e9r\u00e9my Ferrari repart au front avec son livre Happy Hour \u00e0 Mossoul.<\/b><\/em><\/p><p class=\"p2\">Bient\u00f4t, vous saurez pourquoi les g\u00e9n\u00e9raux allemands surnommaient Charles De Gaulle : \u00ab Notre grand coll\u00e8gue \u00bb alors que Churchill le comparait \u00e0 \u00ab un lama femelle surpris dans son bain. \u00bb. Vous d\u00e9couvrirez les miracles de la colonisation, qui donn\u00e8rent aux fran\u00e7ais la chance d\u2019approcher dans les zoos des girafes et des africains. Vous lirez aussi l\u2019histoire d\u2019Onoda, ce soldat japonais qui continua la seconde guerre mondiale tout seul pendant 30 ans. Vous honorerez les terroristes rat\u00e9s qui n\u2019ont pas marqu\u00e9 l\u2019histoire. Vous chanterez l\u2019invasion de la Pologne avec Claude Fran\u00e7ois et voyagerez en Indochine avec l\u2019empereur jaune qui voulait devenir rouge. Et quand vous saurez qu\u2019un pigeon a \u00e9t\u00e9 mieux d\u00e9cor\u00e9 que les tirailleurs s\u00e9n\u00e9galais, cela ach\u00e8vera de vous convaincre qu\u2019\u00e0 Paris comme \u00e0 Pyongyang, la guerre : \u00ab c\u2019est d\u00e9cid\u00e9ment trop chouette ! \u00bb<\/p><p class=\"p3\"><b>\u00a0<\/b><\/p>\t\t\t\t\t\t\t\t<\/div>\n\t\t\t\t<\/div>\n\t\t\t\t<section class=\"elementor-section elementor-inner-section elementor-element elementor-element-03d980f elementor-section-boxed elementor-section-height-default elementor-section-height-default\" data-id=\"03d980f\" data-element_type=\"section\">\n\t\t\t\t\t\t<div class=\"elementor-container elementor-column-gap-default\">\n\t\t\t\t\t<div class=\"elementor-column elementor-col-50 elementor-inner-column elementor-element elementor-element-81e08d9\" data-id=\"81e08d9\" data-element_type=\"column\">\n\t\t\t<div class=\"elementor-widget-wrap elementor-element-populated\">\n\t\t\t\t\t\t<div class=\"elementor-element elementor-element-277f3d4 elementor-widget elementor-widget-image\" data-id=\"277f3d4\" data-element_type=\"widget\" data-widget_type=\"image.default\">\n\t\t\t\t<div class=\"elementor-widget-container\">\n\t\t\t\t\t\t\t\t\t\t\t\t\t\t\t<img decoding=\"async\" width=\"155\" height=\"109\" src=\"https:\/\/www.borkoo.com\/wp-content\/uploads\/2021\/12\/logo-dsp-transparent-min2.png\" class=\"attachment-large size-large wp-image-960\" alt=\"\" \/>\t\t\t\t\t\t\t\t\t\t\t\t\t\t\t<\/div>\n\t\t\t\t<\/div>\n\t\t\t\t\t<\/div>\n\t\t<\/div>\n\t\t\t\t<div class=\"elementor-column elementor-col-50 elementor-inner-column elementor-element elementor-element-e6bdc08\" data-id=\"e6bdc08\" data-element_type=\"column\">\n\t\t\t<div class=\"elementor-widget-wrap elementor-element-populated\">\n\t\t\t\t\t\t<div class=\"elementor-element elementor-element-0160b38 elementor-widget elementor-widget-text-editor\" data-id=\"0160b38\" data-element_type=\"widget\" data-widget_type=\"text-editor.default\">\n\t\t\t\t<div class=\"elementor-widget-container\">\n\t\t\t\t\t\t\t\t\t<p><strong>Acheter le jeu :<\/strong> <a href=\"http:\/\/www.darksmile.shop\">www.darksmile.shop<\/a><\/p>\t\t\t\t\t\t\t\t<\/div>\n\t\t\t\t<\/div>\n\t\t\t\t\t<\/div>\n\t\t<\/div>\n\t\t\t\t\t<\/div>\n\t\t<\/section>\n\t\t\t\t\t<\/div>\n\t\t<\/div>\n\t\t\t\t<div class=\"elementor-column elementor-col-50 elementor-top-column elementor-element elementor-element-a306da0\" data-id=\"a306da0\" data-element_type=\"column\">\n\t\t\t<div class=\"elementor-widget-wrap elementor-element-populated\">\n\t\t\t\t\t\t<div class=\"elementor-element elementor-element-e2d5385 elementor-widget elementor-widget-image\" data-id=\"e2d5385\" data-element_type=\"widget\" data-widget_type=\"image.default\">\n\t\t\t\t<div class=\"elementor-widget-container\">\n\t\t\t\t\t\t\t\t\t\t\t\t\t\t\t<img loading=\"lazy\" decoding=\"async\" width=\"791\" height=\"1024\" src=\"https:\/\/www.borkoo.com\/wp-content\/uploads\/2019\/03\/FERRARI-min-791x1024-1-1-791x1024.jpg\" class=\"attachment-large size-large wp-image-686\" alt=\"\" srcset=\"https:\/\/www.borkoo.com\/wp-content\/uploads\/2019\/03\/FERRARI-min-791x1024-1-1.jpg 791w, https:\/\/www.borkoo.com\/wp-content\/uploads\/2019\/03\/FERRARI-min-791x1024-1-1-600x777.jpg 600w\" sizes=\"(max-width: 791px) 100vw, 791px\" \/>\t\t\t\t\t\t\t\t\t\t\t\t\t\t\t<\/div>\n\t\t\t\t<\/div>\n\t\t\t\t<div class=\"elementor-element elementor-element-eec4ad7 elementor-widget elementor-widget-text-editor\" data-id=\"eec4ad7\" data-element_type=\"widget\" data-widget_type=\"text-editor.default\">\n\t\t\t\t<div class=\"elementor-widget-container\">\n\t\t\t\t\t\t\t\t\t<p class=\"p3\"><b>D\u00e9lirant et sans limites, Happy Hour \u00e0 Mossoul est enti\u00e8rement bas\u00e9 sur des faits r\u00e9els.<\/b><\/p><p class=\"p2\"><b>DESSINS DE PATRICK BORKOWSKI (BORKOO) :\u00a0 <\/b>communicant, dessinateur de presse en ligne, Patrick Borkowski est un touche \u00e0 tout : musique, dessin, design 3D, graphisme et m\u00eame illustrations jeux de r\u00f4le\u2026 Son parcours d\u2019autodidacte, ses dessins d\u2019un grand pouvoir comique et son grand talent pour accepter avec plaisir l\u2019absence de limites en ont fait un compagnon de tranch\u00e9e id\u00e9al !\u00a0\u00bb<\/p>\t\t\t\t\t\t\t\t<\/div>\n\t\t\t\t<\/div>\n\t\t\t\t\t<\/div>\n\t\t<\/div>\n\t\t\t\t\t<\/div>\n\t\t<\/section>\n\t\t\t\t<section class=\"elementor-section elementor-top-section elementor-element elementor-element-e56d0d4 elementor-section-boxed elementor-section-height-default elementor-section-height-default\" data-id=\"e56d0d4\" data-element_type=\"section\">\n\t\t\t\t\t\t<div class=\"elementor-container elementor-column-gap-default\">\n\t\t\t\t\t<div class=\"elementor-column elementor-col-50 elementor-top-column elementor-element elementor-element-4a51fc4\" data-id=\"4a51fc4\" data-element_type=\"column\">\n\t\t\t<div class=\"elementor-widget-wrap\">\n\t\t\t\t\t\t\t<\/div>\n\t\t<\/div>\n\t\t\t\t<div class=\"elementor-column elementor-col-50 elementor-top-column elementor-element elementor-element-0dc10f0\" data-id=\"0dc10f0\" data-element_type=\"column\">\n\t\t\t<div class=\"elementor-widget-wrap\">\n\t\t\t\t\t\t\t<\/div>\n\t\t<\/div>\n\t\t\t\t\t<\/div>\n\t\t<\/section>\n\t\t\t\t<\/div>\n\t\t","protected":false},"excerpt":{"rendered":"<p>\u00a0de J\u00e9r\u00e9my FERRARI &amp; Mickael DION Design &amp; illustrations Patrick BORKOWSKI (BORKOO) Un homme tousse \u00e0 Wuhan, une femme a de la fi\u00e8vre \u00e0 Londres, un voyageur arrive \u00e0 Paris : c\u2019est parti pour une \u00e9pid\u00e9mie mondiale\u2009! Seul probl\u00e8me : vous n\u2019avez aucune comp\u00e9tence et votre syst\u00e8me de sant\u00e9 est digne du Moyen \u00c2ge\u2026 Incarnez [&hellip;]<\/p>\n","protected":false},"author":2,"featured_media":0,"parent":0,"menu_order":0,"comment_status":"closed","ping_status":"closed","template":"","meta":{"footnotes":""},"class_list":["post-609","page","type-page","status-publish","hentry"],"_links":{"self":[{"href":"https:\/\/www.borkoo.com\/index.php\/wp-json\/wp\/v2\/pages\/609","targetHints":{"allow":["GET"]}}],"collection":[{"href":"https:\/\/www.borkoo.com\/index.php\/wp-json\/wp\/v2\/pages"}],"about":[{"href":"https:\/\/www.borkoo.com\/index.php\/wp-json\/wp\/v2\/types\/page"}],"author":[{"embeddable":true,"href":"https:\/\/www.borkoo.com\/index.php\/wp-json\/wp\/v2\/users\/2"}],"replies":[{"embeddable":true,"href":"https:\/\/www.borkoo.com\/index.php\/wp-json\/wp\/v2\/comments?post=609"}],"version-history":[{"count":93,"href":"https:\/\/www.borkoo.com\/index.php\/wp-json\/wp\/v2\/pages\/609\/revisions"}],"predecessor-version":[{"id":1094,"href":"https:\/\/www.borkoo.com\/index.php\/wp-json\/wp\/v2\/pages\/609\/revisions\/1094"}],"wp:attachment":[{"href":"https:\/\/www.borkoo.com\/index.php\/wp-json\/wp\/v2\/media?parent=609"}],"curies":[{"name":"wp","href":"https:\/\/api.w.org\/{rel}","templated":true}]}}