{"id":607,"date":"2019-03-16T19:50:11","date_gmt":"2019-03-16T18:50:11","guid":{"rendered":"https:\/\/www.borkoo.com\/?page_id=607"},"modified":"2025-03-10T16:59:39","modified_gmt":"2025-03-10T15:59:39","slug":"bio","status":"publish","type":"page","link":"https:\/\/www.borkoo.com\/index.php\/bio\/","title":{"rendered":"Bio"},"content":{"rendered":"\t\t<div data-elementor-type=\"wp-post\" data-elementor-id=\"607\" class=\"elementor elementor-607\" data-elementor-post-type=\"page\">\n\t\t\t\t\t\t<section class=\"elementor-section elementor-top-section elementor-element elementor-element-a989d54 elementor-section-boxed elementor-section-height-default elementor-section-height-default\" data-id=\"a989d54\" data-element_type=\"section\">\n\t\t\t\t\t\t<div class=\"elementor-container elementor-column-gap-default\">\n\t\t\t\t\t<div class=\"elementor-column elementor-col-100 elementor-top-column elementor-element elementor-element-cc8f878\" data-id=\"cc8f878\" data-element_type=\"column\">\n\t\t\t<div class=\"elementor-widget-wrap elementor-element-populated\">\n\t\t\t\t\t\t<div class=\"elementor-element elementor-element-3d93c8b elementor-widget elementor-widget-text-editor\" data-id=\"3d93c8b\" data-element_type=\"widget\" data-widget_type=\"text-editor.default\">\n\t\t\t\t<div class=\"elementor-widget-container\">\n\t\t\t\t\t\t\t\t\t<p>La bio\u00a0<\/p>\t\t\t\t\t\t\t\t<\/div>\n\t\t\t\t<\/div>\n\t\t\t\t\t<\/div>\n\t\t<\/div>\n\t\t\t\t\t<\/div>\n\t\t<\/section>\n\t\t\t\t<section class=\"elementor-section elementor-top-section elementor-element elementor-element-d6e37ba elementor-section-boxed elementor-section-height-default elementor-section-height-default\" data-id=\"d6e37ba\" data-element_type=\"section\">\n\t\t\t\t\t\t<div class=\"elementor-container elementor-column-gap-default\">\n\t\t\t\t\t<div class=\"elementor-column elementor-col-50 elementor-top-column elementor-element elementor-element-234a276\" data-id=\"234a276\" data-element_type=\"column\">\n\t\t\t<div class=\"elementor-widget-wrap elementor-element-populated\">\n\t\t\t\t\t\t<div class=\"elementor-element elementor-element-248069a elementor-widget elementor-widget-text-editor\" data-id=\"248069a\" data-element_type=\"widget\" data-widget_type=\"text-editor.default\">\n\t\t\t\t<div class=\"elementor-widget-container\">\n\t\t\t\t\t\t\t\t\t<div class=\"c-cms-content\"><h1>De la com\u2019 digitale \u00e0 J\u00e9r\u00e9my Ferrari, Patrick Borkowski est un dr\u00f4le d\u2019oiseau dijonnais<\/h1><\/div>\t\t\t\t\t\t\t\t<\/div>\n\t\t\t\t<\/div>\n\t\t\t\t<div class=\"elementor-element elementor-element-91f2ea1 elementor-widget elementor-widget-text-editor\" data-id=\"91f2ea1\" data-element_type=\"widget\" data-widget_type=\"text-editor.default\">\n\t\t\t\t<div class=\"elementor-widget-container\">\n\t\t\t\t\t\t\t\t\t<div class=\"c-cms-content\"><p>(Par Nathalie DUNAND pour Info Chalon &#8211; mise \u00e0 jour 02\/10\/2024)<\/p><\/div>\t\t\t\t\t\t\t\t<\/div>\n\t\t\t\t<\/div>\n\t\t\t\t<div class=\"elementor-element elementor-element-f0b43dd elementor-widget elementor-widget-text-editor\" data-id=\"f0b43dd\" data-element_type=\"widget\" data-widget_type=\"text-editor.default\">\n\t\t\t\t<div class=\"elementor-widget-container\">\n\t\t\t\t\t\t\t\t\t<p>Il collabore avec l\u2019humoriste J\u00e9r\u00e9my Ferrari, publie ses dessins de presse, bichonne ses caricatures et \u2013 c\u2019est son m\u00e9tier \u2013 accompagne les professionnels dans leur communication digitale. Patrick Borkowski est un dr\u00f4le d\u2019oiseau dijonnais qui n\u2019a reni\u00e9 aucun de ses talents pr\u00e9sents et pass\u00e9s.<\/p>\t\t\t\t\t\t\t\t<\/div>\n\t\t\t\t<\/div>\n\t\t\t\t<div class=\"elementor-element elementor-element-9c74371 elementor-widget elementor-widget-text-editor\" data-id=\"9c74371\" data-element_type=\"widget\" data-widget_type=\"text-editor.default\">\n\t\t\t\t<div class=\"elementor-widget-container\">\n\t\t\t\t\t\t\t\t\t<div class=\"c-cms-content\"><p>(&#8230;) Patrick Borkowski est un chef d\u2019entreprise dijonnais, \u00e0 la t\u00eate de deux agences : <em>La Griffe,\u00a0<\/em>une agence de communication et design graphique qu\u2019il cr\u00e9e \u00e0 28\u00a0ans et, quelques ann\u00e9es plus tard, sa filiale\u00a0<em>Bonzai<\/em>\u00a0<em>Studio,<\/em>\u00a0sp\u00e9cialis\u00e9e en image\u00a03D.<\/p><\/div><div class=\"c-cms-content\"><p>Ses clients sont des professionnels de tout domaine, qui souhaitent construire ou affiner l\u2019identit\u00e9 de leur entreprise, renforcer sa visibilit\u00e9 sur Internet ou affirmer sa singularit\u00e9 dans le march\u00e9 touffu de la concurrence. Pour cela il faut se d\u00e9marquer, se glisser dans le sentier le plus adapt\u00e9, le tailler \u00e0 la serpe ou le ciseler sur mesure, c\u2019est selon. Et c\u2019est bien le talent de Patrick Borkowski, un v\u00e9ritable sherpa de la Toile.<\/p><p><strong>Des d\u00e9buts difficiles<\/strong><\/p><p>N\u2019imaginons pas les parcours professionnels comme une ligne droite. Cette reconstruction est une vision erron\u00e9e. Patrick Borkowski pr\u00e9f\u00e8re la lucidit\u00e9\u00a0<em>:\u00a0<\/em>\u00ab Mes d\u00e9buts de jeune patron ont \u00e9t\u00e9 difficiles, il faut l\u2019avouer. J\u2019\u00e9tais introverti, je ne pouvais pas aligner deux mots devant mes clients potentiels \u2013 des chefs d\u2019entreprise \u2013, j\u2019\u00e9tais dans ma bulle. (&#8230;).<\/p><p>Hasard des rencontres\u00a0? Patrick croise une nouvelle fois le chemin de Nicole Ortis, qui \u00e9tait professeur dans son lyc\u00e9e et qui s\u2019est reconvertie dans le d\u00e9veloppement personnel\u00a0: \u00ab\u00a0Elle m\u2019a coach\u00e9 pour \u00eatre op\u00e9rationnel sur le terrain. Gr\u00e2ce \u00e0 elle, j\u2019ai surmont\u00e9 mes blocages.\u00a0\u00bb<\/p><p>Aujourd\u2019hui, l\u2019aspect strat\u00e9gique de la communication digitale est ce que Patrick Borkowski appr\u00e9cie le plus dans son m\u00e9tier, ce qui le motive, ce qui le pousse \u00e0 imaginer, pr\u00e9voir, concevoir\u2026 En un mot ce en quoi il croit. \u00a0\u00ab\u00a0Je veux que \u00e7a marche et, finalement, mon 1<sup>er<\/sup>\u00a0client, le plus exigeant, c\u2019est moi\u00a0! Si le client r\u00e9ussit, c\u2019est aussi ma r\u00e9ussite.\u00a0\u00bb conclut-il.<\/p><p>Il travaille avec son temp\u00e9rament : enthousiaste et cr\u00e9atif. Pour autant, il a appris, dans son milieu, \u00e0 ne pas c\u00e9der aux sir\u00e8nes du buzz (&#8230;)<\/p><p>La liste de ses clients \u2013 certains le suivent depuis ses d\u00e9buts \u2013 confirme qu\u2019il ne s\u2019est pas tromp\u00e9 de voie.<\/p><p><strong>Les premiers pas sur la Toile<\/strong><\/p><p>Trouver sa voie, ce en quoi on est dou\u00e9, voil\u00e0 qui est aventureux.<\/p><p>Au lyc\u00e9e, il s\u2019oriente vers la voie industrielle, le dessin en g\u00e9nie civil (les plans) et un bac pro\u00a0BTP. En quelques mois, il comprend que les chantiers ne sont pas un milieu de travail fait pour lui. Il suit alors une formation en image de synth\u00e8se\u00a03D et fait un stage dans une entreprise qui \u00ab\u00a0fait de la vid\u00e9o\u00a0\u00bb\u00a0; ce sont ses premiers pas en tant qu\u2019infographiste. Nous sommes dans les ann\u00e9es\u00a090, l\u2019informatique se d\u00e9mocratise.<\/p><p>Patrick Borkowski cr\u00e9era donc les premiers sites web\u00a0: \u00ab\u00a0J\u2019apprenais tout avec des bouquins, je bidouillais avec ce qui existait\u00a0\u00bb Voil\u00e0 bien un atout \u2013 et non des moindres \u2013 des autodidactes\u00a0: s\u2019ils ne savent pas, ils tentent. Ils apprennent, comme on dit, sur le tas.<\/p><p>Un pas de plus, et Patrick Borkowski cr\u00e9e en 1999 sa propre agence de communication, cr\u00e9ation de sites Internet et design graphique\u00a0:\u00a0<em>La Griffe.<\/em><\/p><p><strong>L\u2019art comme moyen d\u2019expression<\/strong><\/p><p>Difficile d\u2019imaginer l\u2019adolescent qu\u2019il \u00e9tait\u00a0: plut\u00f4t introverti, \u00e0 composer des morceaux de musique dans sa chambre ou \u00e0 dessiner. Le dessin est une passion d\u00e8s l\u2019enfance, qui sera r\u00e9activ\u00e9e au lyc\u00e9e des Marcs d\u2019Or, \u00e0 Dijon.<\/p><p>\u00ab\u00a0Il y avait un journal du lyc\u00e9e dont s\u2019occupait Alain Fournier, mon prof de fran\u00e7ais. Il croyait en moi et savait qu\u2019il fallait me secouer. Bref, il m\u2019a incit\u00e9 \u00e0 faire partie de l\u2019\u00e9quipe du journal, qui \u00e9tait tr\u00e8s cr\u00e9ative. On rencontrait des artistes pour \u00e9crire sur leur spectacle et, en backstage, je faisais leur caricature, qu\u2019ils d\u00e9dica\u00e7aient. J\u2019ai repris go\u00fbt \u00e0 l\u2019art et d\u00e9couvert la presse. Je me souviens particuli\u00e8rement d\u2019un num\u00e9ro consacr\u00e9 \u00e0 \u2018<em>Sexe et Amour \u00e0 Dijon<\/em>\u2019. Aujourd\u2019hui, ce sujet ne serait plus possible\u00a0!\u00a0\u00bb<\/p><p>\u00ab\u00a0Gr\u00e2ce \u00e0 Alain Fournier, j\u2019ai rencontr\u00e9 plein de gens. Je lui en suis tr\u00e8s reconnaissant.\u00a0\u00bb Son talent de caricaturiste est remarqu\u00e9 et fera l\u2019objet d\u2019\u00e9missions t\u00e9l\u00e9 et radio.<\/p><p>2015, ann\u00e9e des attentats de Charlie Hebdo, le dessin devient le medium de ses engagements\u00a0: \u00ab\u00a0La mort de Cabu, que j\u2019aimais, et tous les autres, \u00e7a a \u00e9t\u00e9 le choc. J\u2019ai pens\u00e9\u00a0: moi aussi, je vais exprimer ce que je pense, je vais m\u2019engager. J\u2019ai pris naturellement le pseudo de\u00a0<em>Borkoo,\u00a0<\/em>surnom qu\u2019on me donnait au lyc\u00e9e, et j\u2019ai publi\u00e9 mes dessins d\u2019actualit\u00e9 sur les r\u00e9seaux sociaux, comme je continue \u00e0 le faire.\u00a0\u00bb.<\/p><p><strong>L\u2019aventure artistique<\/strong><\/p><p>\u00a0(&#8230;) En 2019 Patrick illustre la BD de J\u00e9r\u00e9my Ferrari, <em>Happy Hour \u00e0 Mossoul,\u00a0<\/em>gros succ\u00e8s en librairie. Gr\u00e2ce \u00e0 l\u2019\u00e9quipe de Dark Smile Production \u2013 la boite de production de J\u00e9r\u00e9my Ferrari \u2013 l\u2019aventure artistique s\u2019\u00e9toffe de nouveaux projets.\u00a0 \u00ab\u00a0l\u2019humoriste et producteur J\u00e9r\u00e9my Ferrari me propose de r\u00e9aliser l\u2019affiche de son spectacle. L\u2019essai a \u00e9t\u00e9 concluant, d\u2019autres projets se sont profil\u00e9s \u00a0\u00bb explique Patrick, les yeux p\u00e9tillants. Il poursuit donc ses collaboration avec l\u2019humoriste Rapha\u00ebl Mezrahi et la ventriloque Le Cas Pucine, produite par J\u00e9r\u00e9my FERRARI et Eric ANTOINE et gagnante de <em>La France a un Incroyable talent, <\/em>l&rsquo;innoubliable Guillaume BATS, Alexandre KOMINEK, Arnaud TSAMERE, Lotfi ABDELI et tout dernierement l&rsquo;irresistible TRIO d&rsquo;humour compos\u00e9 de Jeremy FERRARI, Arnaud TSAMERE et Baptiste LECAPLAIN en tourn\u00e9e en 2025 \/ 2026.<\/p><p>Chef d\u2019entreprise, dessinateur, caricaturiste, Patrick Borkowski est un dr\u00f4le d\u2019oiseau qui aime relever les challenges. Un autodidacte, un touche-\u00e0-tout, de la race de ceux qui ne se donnent pas de limites, qui veulent exp\u00e9rimenter et ne s\u2019interdisent rien. \u00ab La vie est faite pour apprendre \u00bb dit-il avec \u00e9vidence. Et cet \u00e9tat d\u2019esprit ne le quittera jamais.\u00a0\u00a0<\/p><\/div>\t\t\t\t\t\t\t\t<\/div>\n\t\t\t\t<\/div>\n\t\t\t\t\t<\/div>\n\t\t<\/div>\n\t\t\t\t<div class=\"elementor-column elementor-col-50 elementor-top-column elementor-element elementor-element-f51f025\" data-id=\"f51f025\" data-element_type=\"column\">\n\t\t\t<div class=\"elementor-widget-wrap elementor-element-populated\">\n\t\t\t\t\t\t<div class=\"elementor-element elementor-element-7f9b12a elementor-widget elementor-widget-image\" data-id=\"7f9b12a\" data-element_type=\"widget\" data-widget_type=\"image.default\">\n\t\t\t\t<div class=\"elementor-widget-container\">\n\t\t\t\t\t\t\t\t\t\t\t\t\t\t\t\t<a href=\"https:\/\/www.borkoo.com\/wp-content\/uploads\/2024\/04\/borkooprofil.jpg\" data-elementor-open-lightbox=\"yes\" data-elementor-lightbox-title=\"borkooprofil\" data-e-action-hash=\"#elementor-action%3Aaction%3Dlightbox%26settings%3DeyJpZCI6MTA3MywidXJsIjoiaHR0cHM6XC9cL3d3dy5ib3Jrb28uY29tXC93cC1jb250ZW50XC91cGxvYWRzXC8yMDI0XC8wNFwvYm9ya29vcHJvZmlsLmpwZyJ9\">\n\t\t\t\t\t\t\t<img fetchpriority=\"high\" decoding=\"async\" width=\"800\" height=\"800\" src=\"https:\/\/www.borkoo.com\/wp-content\/uploads\/2024\/04\/borkooprofil-1024x1024.jpg\" class=\"attachment-large size-large wp-image-1073\" alt=\"\" srcset=\"https:\/\/www.borkoo.com\/wp-content\/uploads\/2024\/04\/borkooprofil-1024x1024.jpg 1024w, https:\/\/www.borkoo.com\/wp-content\/uploads\/2024\/04\/borkooprofil-300x300.jpg 300w, https:\/\/www.borkoo.com\/wp-content\/uploads\/2024\/04\/borkooprofil-150x150.jpg 150w, https:\/\/www.borkoo.com\/wp-content\/uploads\/2024\/04\/borkooprofil-768x768.jpg 768w\" sizes=\"(max-width: 800px) 100vw, 800px\" \/>\t\t\t\t\t\t\t\t<\/a>\n\t\t\t\t\t\t\t\t\t\t\t\t\t\t\t<\/div>\n\t\t\t\t<\/div>\n\t\t\t\t<div class=\"elementor-element elementor-element-8bb8c72 elementor-widget elementor-widget-text-editor\" data-id=\"8bb8c72\" data-element_type=\"widget\" data-widget_type=\"text-editor.default\">\n\t\t\t\t<div class=\"elementor-widget-container\">\n\t\t\t\t\t\t\t\t\t<p>\u00a0<b><span style=\"color: #ff0000;\">1999 &#8211;<\/span>\u00a0 Je me consacre une tr\u00e8s grande partie de mon temps \u00e0 la gestion de mes deux entreprises situ\u00e9es \u00e0 Dijon (depuis 1999),\u00a0 l&rsquo;une sp\u00e9cialis\u00e9e dans la\u00a0 communication, le design graphique et la cr\u00e9ation de site web , et l&rsquo;autre dans production d&rsquo;animation 3D, le motion design (depuis 2008).<\/b><\/p><p><b><span style=\"color: #ff0000;\">2017 &#8211;<\/span> R\u00e9alisation des illustrations du livre de l&rsquo;humoriste et producteur J\u00e9r\u00e9my Ferrari \u00ab\u00a0<a href=\"https:\/\/www.darksmile.shop\" target=\"_blank\" rel=\"noopener\">Happy Hour \u00e0 Mossoul<\/a>\u00a0\u00bb sorti en octobre 2017 <\/b>(voir le lien)<b>. Cette collaboration se poursuit aujourd&rsquo;hui sur d&rsquo;autres projets.<\/b><\/p><p><b><span style=\"color: #ff0000;\">2021\/ 2022 <\/span>\u00a0Je travaile de nouveau avec J\u00e9r\u00e9my Ferrari\u00a0 et Mickael DION\u00a0 et avec toute l&rsquo;\u00e9quipe de Dark Smile Edition pour la cr\u00e9ation des dessins du jeu d societe <a href=\"http:\/\/etatdurgence.darksmile.shop\" target=\"_blank\" rel=\"noopener\">ETAT D&rsquo;URGENCE<\/a><\/b><\/p><p><b><span style=\"color: #ff0000;\">2023\u00a0 <\/span>Je me lance dans une nouvelle aventure d&rsquo;\u00e9dition, sous une autre signature, cette fois elle s&rsquo;adresse aux tout petits ! <a href=\"http:\/\/www.krob.fr\" target=\"_blank\" rel=\"noopener\">www.krob.fr<\/a><\/b><\/p><p><span style=\"color: #ff0000;\"><b>\u00a0<\/b><\/span><\/p>\t\t\t\t\t\t\t\t<\/div>\n\t\t\t\t<\/div>\n\t\t\t\t\t<\/div>\n\t\t<\/div>\n\t\t\t\t\t<\/div>\n\t\t<\/section>\n\t\t\t\t<\/div>\n\t\t","protected":false},"excerpt":{"rendered":"<p>La bio\u00a0 De la com\u2019 digitale \u00e0 J\u00e9r\u00e9my Ferrari, Patrick Borkowski est un dr\u00f4le d\u2019oiseau dijonnais (Par Nathalie DUNAND pour Info Chalon &#8211; mise \u00e0 jour 02\/10\/2024) Il collabore avec l\u2019humoriste J\u00e9r\u00e9my Ferrari, publie ses dessins de presse, bichonne ses caricatures et \u2013 c\u2019est son m\u00e9tier \u2013 accompagne les professionnels dans leur communication digitale. Patrick [&hellip;]<\/p>\n","protected":false},"author":2,"featured_media":0,"parent":0,"menu_order":0,"comment_status":"closed","ping_status":"closed","template":"","meta":{"footnotes":""},"class_list":["post-607","page","type-page","status-publish","hentry"],"_links":{"self":[{"href":"https:\/\/www.borkoo.com\/index.php\/wp-json\/wp\/v2\/pages\/607","targetHints":{"allow":["GET"]}}],"collection":[{"href":"https:\/\/www.borkoo.com\/index.php\/wp-json\/wp\/v2\/pages"}],"about":[{"href":"https:\/\/www.borkoo.com\/index.php\/wp-json\/wp\/v2\/types\/page"}],"author":[{"embeddable":true,"href":"https:\/\/www.borkoo.com\/index.php\/wp-json\/wp\/v2\/users\/2"}],"replies":[{"embeddable":true,"href":"https:\/\/www.borkoo.com\/index.php\/wp-json\/wp\/v2\/comments?post=607"}],"version-history":[{"count":109,"href":"https:\/\/www.borkoo.com\/index.php\/wp-json\/wp\/v2\/pages\/607\/revisions"}],"predecessor-version":[{"id":1178,"href":"https:\/\/www.borkoo.com\/index.php\/wp-json\/wp\/v2\/pages\/607\/revisions\/1178"}],"wp:attachment":[{"href":"https:\/\/www.borkoo.com\/index.php\/wp-json\/wp\/v2\/media?parent=607"}],"curies":[{"name":"wp","href":"https:\/\/api.w.org\/{rel}","templated":true}]}}